{"id":5019,"date":"2021-09-30T15:42:42","date_gmt":"2021-09-30T18:42:42","guid":{"rendered":"https:\/\/colegionuevanazaret.cl\/colegiocristianopolivalente\/?page_id=5019"},"modified":"2021-09-30T15:44:09","modified_gmt":"2021-09-30T18:44:09","slug":"otros-beneficios","status":"publish","type":"page","link":"https:\/\/colegionuevanazaret.cl\/colegiocristianopolivalente\/otros-beneficios\/","title":{"rendered":"Otros beneficios"},"content":{"rendered":"<h2 style=\"text-align: center;\"><strong>SEGURO ESCOLAR<\/strong><\/h2>\n<p style=\"text-align: justify;\">Descripci\u00f3n Seguro Escolar:<\/p>\n<p style=\"text-align: justify;\">El seguro Escolar se entiende como un conjunto de condiciones, medidas y acciones enfocadas a la prevenci\u00f3n y el autocuidado requerido para que los miembros de la comunidad educativa puedan realizar el ejercicio pleno de los derechos, libertades y obligaciones que les reconoce o les impone el ordenamiento jur\u00eddico interno y las normas internacionales, espec\u00edficamente la Constituci\u00f3n Pol\u00edtica de la Rep\u00fablica de Chile y el Tratado Internacional de las Naciones Unidas \u201cConvenci\u00f3n sobre los Derechos del Ni\u00f1o\u201d, bases sobre las cuales se ha construido la Ley General de Educaci\u00f3n.<\/p>\n<p style=\"text-align: justify;\">Los administradores de este seguro son:<\/p>\n<p style=\"text-align: justify;\"><strong>1.<\/strong>Las respectivas Secretar\u00edas Regionales Ministeriales de Salud, quienes otorgan las prestaciones m\u00e9dicas gratuitas.<br \/>\n<strong>2.<\/strong>El Instituto de Seguridad Laboral ISL (Ex INP), es el que otorga las prestaciones pecuniarias por invalidez o muerte.<br \/>\n<strong>3.<\/strong>La fiscalizaci\u00f3n de la aplicaci\u00f3n de este seguro escolar corresponder\u00e1 a la Superintendencia de Seguridad Social.<\/p>\n<p style=\"text-align: justify;\"><strong>\u00bfQu\u00e9 es un accidente escolar?<\/strong><br \/>\nUn accidente escolar incluye todas aquellas <strong>lesiones que sufran los y las estudiantes<\/strong> que ocurran <strong>dentro del establecimiento educacional<\/strong> durante la realizaci\u00f3n de la pr\u00e1ctica profesional, o los sufridos en el trayecto (ida y regreso).<br \/>\n<strong>No se consideran<\/strong> dentro del seguro aquellos accidentes que no tengan relaci\u00f3n con los estudios, o los producidos intencionalmente.<\/p>\n<ul style=\"list-style-type: circle; text-align: justify;\">\n<li><strong>\u00bfQu\u00e9 hacer en caso de sufrir un accidente escolar?<\/strong><br \/>\nLa persona accidentada debe acudir a cualquier centro de la red p\u00fablica de salud. La cobertura del seguro incluye:<br \/>\nServicio y atenci\u00f3n m\u00e9dica, quir\u00fargica y dental.<br \/>\nHospitalizaciones, cuando correspondan.<br \/>\nMedicamentos.<br \/>\nPr\u00f3tesis y aparatos ortop\u00e9dicos (incluida su reparaci\u00f3n).<br \/>\nRehabilitaci\u00f3n f\u00edsica y reeducaci\u00f3n profesional.<br \/>\nGastos de traslado.<br \/>\nPensi\u00f3n permanente, temporal o cuota mortuoria, en caso de ser necesario.<\/li>\n<\/ul>\n<ul style=\"text-align: justify;\">\n<li><strong>\u00bfC\u00f3mo se declara un accidente escolar?<\/strong><br \/>\nLa persona a cargo del establecimiento educacional, el m\u00e9dico tratante o quien sufra el accidente, debe presentar una declaraci\u00f3n individual de accidente escolar ante el<br \/>\nservicio de salud correspondiente, en la que se exprese:<br \/>\nNombre, comuna y ciudad del establecimiento educacional.<br \/>\nDatos personales de la persona accidentada.<br \/>\nInforme del accidente<\/li>\n<li><strong>\u00bfC\u00f3mo acreditar un accidente de trayecto?<\/strong><br \/>\nPara acreditar un accidente de ida o regreso, entre la casa y el establecimiento educacional, o el lugar donde se realiza la pr\u00e1ctica profesional, ser\u00e1 necesario presentar<br \/>\nlos siguientes documentos:<br \/>\nUn parte emitido por Carabineros.<br \/>\nLa declaraci\u00f3n de testigos presenciales.<br \/>\nCualquier otro medio de prueba fidedigno que acredite el accidente.<\/li>\n<\/ul>\n<p><strong>M\u00c1S INFORMACI\u00d3N<\/strong><br \/>\nEn el servicio de salud m\u00e1s cercano.<br \/>\nEn la Comisi\u00f3n de Medicina Preventiva e Invalidez (COMPIN) para acceder a una pensi\u00f3n permanente o temporal, y a prestaciones m\u00e9dicas y hospitalarias.<\/p>\n<p>Para realizar un reclamo consulte en la Superintendencia de Seguridad Social (SUSESO).<br \/>\nLey N\u00b0 16.744.<\/p>\n<p><a href=\"https:\/\/colegionuevanazaret.cl\/colegiocristianopolivalente\/wp-content\/uploads\/2021\/09\/Seguro-Escolar.pdf\"><img loading=\"lazy\" class=\" wp-image-4860 alignleft\" src=\"https:\/\/colegionuevanazaret.cl\/colegiocristianopolivalente\/wp-content\/uploads\/2021\/05\/lista-de-verificacion.png\" alt=\"\" width=\"63\" height=\"63\" srcset=\"https:\/\/colegionuevanazaret.cl\/colegiocristianopolivalente\/wp-content\/uploads\/2021\/05\/lista-de-verificacion.png 512w, https:\/\/colegionuevanazaret.cl\/colegiocristianopolivalente\/wp-content\/uploads\/2021\/05\/lista-de-verificacion-200x200.png 200w, https:\/\/colegionuevanazaret.cl\/colegiocristianopolivalente\/wp-content\/uploads\/2021\/05\/lista-de-verificacion-300x300.png 300w\" sizes=\"(max-width: 63px) 100vw, 63px\" \/><\/a><\/p>\n<p><a href=\"https:\/\/colegionuevanazaret.cl\/colegiocristianopolivalente\/wp-content\/uploads\/2021\/09\/Seguro-Escolar.pdf\">Descargue esta informaci\u00f3n aqu\u00ed<\/a><\/p>\n<h2><\/h2>\n<h2 style=\"text-align: center;\"><strong>GRATUIDAD DEL PROCESO DE TITULACI\u00d3N<\/strong><\/h2>\n<p>Ref. Decreto 546 del 01\/jul\/2020, modifica decreto 2.516 de 2007<\/p>\n<p style=\"text-align: justify;\">Los estudiantes de Educaci\u00f3n Media Formaci\u00f3n Diferenciada T\u00e9cnico-Profesional que hubieren aprobado su cuarto a\u00f1o de ense\u00f1anza media, se considerar\u00e1n egresados de la Ense\u00f1anza Media T\u00e9cnico Profesional. En consecuencia, podr\u00e1n iniciar su proceso de pr\u00e1ctica profesional y posteriormente su titulaci\u00f3n, para lo cual deber\u00e1n matricularse como estudiantes en pr\u00e1ctica en el establecimiento.<\/p>\n<p style=\"text-align: justify;\">Ser\u00e1 obligaci\u00f3n de los estudiantes, al momento de la matr\u00edcula, informar un correo electr\u00f3nico y un n\u00famero telef\u00f3nico, mediante el cual se canalizar\u00e1 la informaci\u00f3n pertinente con el Coordinador de Formaci\u00f3n Diferenciada T\u00e9cnico Profesional y con el Profesor Tutor.<\/p>\n<p style=\"text-align: justify;\">Los estudiantes matriculados para realizar su pr\u00e1ctica profesional gozar\u00e1n, para todos los efectos legales, de todos los beneficios de los<br \/>\nalumnos y alumnas regulares, as\u00ed como la gratuidad del proceso de titulaci\u00f3n.<\/p>\n<p style=\"text-align: justify;\">Para tener acceso al beneficio de la bonificaci\u00f3n de la pr\u00e1ctica profesional, ser\u00e1 responsabilidad de los estudiantes postular personalmente en el sitio de Internet de Junaeb (<a href=\"http:\/\/www.junaeb.cl\">www.junaeb.cl<\/a>), en los per\u00edodos dispuestos para tal efecto. El Coordinador de Formaci\u00f3n Profesional del Colegio deber\u00e1 mantener informados a los estudiantes, a trav\u00e9s de correo electr\u00f3nico, de todo el proceso de postulaci\u00f3n, validaci\u00f3n y pago de la bonificaci\u00f3n.<\/p>\n<p><a href=\"https:\/\/colegionuevanazaret.cl\/colegiocristianopolivalente\/wp-content\/uploads\/2021\/09\/GRATUIDAD-DEL-PROCESO-DE-TITULACION.pdf\"><img loading=\"lazy\" class=\" wp-image-4860 alignleft\" src=\"https:\/\/colegionuevanazaret.cl\/colegiocristianopolivalente\/wp-content\/uploads\/2021\/05\/lista-de-verificacion.png\" alt=\"\" width=\"63\" height=\"63\" srcset=\"https:\/\/colegionuevanazaret.cl\/colegiocristianopolivalente\/wp-content\/uploads\/2021\/05\/lista-de-verificacion.png 512w, https:\/\/colegionuevanazaret.cl\/colegiocristianopolivalente\/wp-content\/uploads\/2021\/05\/lista-de-verificacion-200x200.png 200w, https:\/\/colegionuevanazaret.cl\/colegiocristianopolivalente\/wp-content\/uploads\/2021\/05\/lista-de-verificacion-300x300.png 300w\" sizes=\"(max-width: 63px) 100vw, 63px\" \/><\/a><\/p>\n<p><a href=\"https:\/\/colegionuevanazaret.cl\/colegiocristianopolivalente\/wp-content\/uploads\/2021\/09\/GRATUIDAD-DEL-PROCESO-DE-TITULACION.pdf\">Descargue esta informaci\u00f3n aqu\u00ed<\/a><\/p>\n<p>&nbsp;<\/p>\n","protected":false},"excerpt":{"rendered":"<p>SEGURO ESCOLAR Descripci\u00f3n Seguro Escolar: El seguro Escolar se entiende como un conjunto de condiciones, medidas y acciones enfocadas a la prevenci\u00f3n y el autocuidado requerido para que los miembros de la comunidad educativa puedan realizar el ejercicio pleno de los derechos, libertades y obligaciones que les reconoce o les impone el ordenamiento jur\u00eddico interno [&hellip;]<\/p>\n","protected":false},"author":1,"featured_media":0,"parent":0,"menu_order":0,"comment_status":"closed","ping_status":"closed","template":"","meta":[],"_links":{"self":[{"href":"https:\/\/colegionuevanazaret.cl\/colegiocristianopolivalente\/wp-json\/wp\/v2\/pages\/5019"}],"collection":[{"href":"https:\/\/colegionuevanazaret.cl\/colegiocristianopolivalente\/wp-json\/wp\/v2\/pages"}],"about":[{"href":"https:\/\/colegionuevanazaret.cl\/colegiocristianopolivalente\/wp-json\/wp\/v2\/types\/page"}],"author":[{"embeddable":true,"href":"https:\/\/colegionuevanazaret.cl\/colegiocristianopolivalente\/wp-json\/wp\/v2\/users\/1"}],"replies":[{"embeddable":true,"href":"https:\/\/colegionuevanazaret.cl\/colegiocristianopolivalente\/wp-json\/wp\/v2\/comments?post=5019"}],"version-history":[{"count":2,"href":"https:\/\/colegionuevanazaret.cl\/colegiocristianopolivalente\/wp-json\/wp\/v2\/pages\/5019\/revisions"}],"predecessor-version":[{"id":5024,"href":"https:\/\/colegionuevanazaret.cl\/colegiocristianopolivalente\/wp-json\/wp\/v2\/pages\/5019\/revisions\/5024"}],"wp:attachment":[{"href":"https:\/\/colegionuevanazaret.cl\/colegiocristianopolivalente\/wp-json\/wp\/v2\/media?parent=5019"}],"curies":[{"name":"wp","href":"https:\/\/api.w.org\/{rel}","templated":true}]}}